{"id":22517,"date":"2019-11-12T23:55:43","date_gmt":"2024-04-11T16:21:00","guid":{"rendered":"https:\/\/thewatchguy.de\/watch\/116589saci-daytona-the-blue-sodalite-dial-sapphire-bezel-full-set\/"},"modified":"2024-08-21T11:45:54","modified_gmt":"2024-08-21T09:45:54","slug":"116589saci-daytona-the-blue-sodalite-dial-sapphire-bezel-full-set","status":"publish","type":"product","link":"https:\/\/thewatchguy.de\/en\/watch\/116589saci-daytona-the-blue-sodalite-dial-sapphire-bezel-full-set\/","title":{"rendered":"116589SACI Daytona (The BLUE \/ Sodalite dial \/ Sapphire bezel \/ full set)"},"content":{"rendered":"<p><strong>Brand:<\/strong> Rolex<br \/>\n<strong>Model:<\/strong> Daytona<br \/>\n<strong>Reference:<\/strong> 116589SACI<br \/>\n<strong>Year:<\/strong> 2010<br \/>\n<strong>Serial number:<\/strong> Random<br \/>\n<strong>Material:<\/strong> 18 carat white gold<br \/>\n<strong>Strap:<\/strong> leather<br \/>\n<strong>Diameter:<\/strong> 40 Millimeter<br \/>\n<strong>Condition:<\/strong> very good<br \/>\n<strong>Box&amp;Papers:<\/strong> with service papers<\/p>\n<p><strong>Description:<\/strong> Extremely rare Daytona SACI with sodalite Dial and sapphire baguette bezel.<\/p>\n<p>What a watch. You just have to applaud to Rolex for their creativity and the eye they have for such special pieces. Watches with fine elegant and little bit of Bling design that it does only attract the eye of a true connioseur<\/p>\n<p>The 116589 SACI is such a watch and after more than collecting modern and vintage Rolex i\u2019m so glad i can offer one to my clients.<\/p>\n<p>Produced in very limited quantity, the 116589SACI was offered with different dials as full diamond setting, MOP diamond dial or the present version, my favorite one by the way, the sodalite stone dial.<\/p>\n<p>All 116589 have in common that the bezel is set with baguette cut sapphires. The SA in SACI stands for sapphires.<\/p>\n<p>The present watch is in best condition. The case is unpolished with only minimum signs of wear. All hallmarks are perfect and even the original caseback sticker is still present.<\/p>\n<p>The already mentioned sodalite stone dial is in perfect condition. No imperfections, no cracks, nothing. The different blues on the dial and the unique structure of every sodalite stone dial is a true eye catcher. Also the dial has a depth to the eye that we only see looking at stone dials like this one.<\/p>\n<p>The sapphire bezel is also perfect. All stones fully intact with and even and strong blue color. Die ferner bereits erw\u00e4hnte Saphir L\u00fcnette ist ebenso perfekt. Alle Steine volslt\u00e4ndig intakt mit kr\u00e4ftig blauer und absolut gleichm\u00e4\u00dfig blauer Farbgebung. Anyone who knows anything about gemstones knows that it is extremely difficult to find so many uniformly blue sapphires and then cut them so evenly.<\/p>\n<p>The watch is coming as a full set with box and papers. It was sold from Mercury Distribution SA in Moscau (Russia).<\/p>\n<p>Claps and the original blue alligator strap is in perfect condition.<\/p>\n<p><strong>Conclusion: A watch for the true collectors and connoisseur. <\/strong><\/p>\n","protected":false},"excerpt":{"rendered":"<p>Brand: Rolex Model: Daytona Reference: 116589SACI Year: 2010 Serial number: Random Material: 18 carat white gold Strap: leather Diameter: 40 Millimeter Condition: very good Box&amp;Papers: with service papers Description: Extremely rare Daytona SACI with sodalite Dial and sapphire baguette bezel. What a watch. You just have to applaud to Rolex for their creativity and the [&#8230;]\n","protected":false},"featured_media":22519,"template":"","meta":[],"product_brand":[],"product_cat":[146],"product_tag":[],"class_list":{"0":"post-22517","1":"product","2":"type-product","3":"status-publish","4":"has-post-thumbnail","6":"product_cat-archive","8":"first","9":"outofstock","10":"taxable","11":"shipping-taxable","12":"product-type-simple"},"_links":{"self":[{"href":"https:\/\/thewatchguy.de\/en\/wp-json\/wp\/v2\/product\/22517","targetHints":{"allow":["GET"]}}],"collection":[{"href":"https:\/\/thewatchguy.de\/en\/wp-json\/wp\/v2\/product"}],"about":[{"href":"https:\/\/thewatchguy.de\/en\/wp-json\/wp\/v2\/types\/product"}],"wp:featuredmedia":[{"embeddable":true,"href":"https:\/\/thewatchguy.de\/en\/wp-json\/wp\/v2\/media\/22519"}],"wp:attachment":[{"href":"https:\/\/thewatchguy.de\/en\/wp-json\/wp\/v2\/media?parent=22517"}],"wp:term":[{"taxonomy":"product_brand","embeddable":true,"href":"https:\/\/thewatchguy.de\/en\/wp-json\/wp\/v2\/product_brand?post=22517"},{"taxonomy":"product_cat","embeddable":true,"href":"https:\/\/thewatchguy.de\/en\/wp-json\/wp\/v2\/product_cat?post=22517"},{"taxonomy":"product_tag","embeddable":true,"href":"https:\/\/thewatchguy.de\/en\/wp-json\/wp\/v2\/product_tag?post=22517"}],"curies":[{"name":"wp","href":"https:\/\/api.w.org\/{rel}","templated":true}]}}